{"id":277,"date":"2026-04-09T14:30:29","date_gmt":"2026-04-09T12:30:29","guid":{"rendered":"https:\/\/www.declicnutrition.com\/accueil\/?page_id=277"},"modified":"2026-04-27T20:34:18","modified_gmt":"2026-04-27T18:34:18","slug":"contact","status":"publish","type":"page","link":"https:\/\/www.declicnutrition.com\/accueil\/contact\/","title":{"rendered":"Contact"},"content":{"rendered":"\t\t<div data-elementor-type=\"wp-post\" data-elementor-id=\"277\" class=\"elementor elementor-277\">\n\t\t\t\t<div class=\"elementor-element elementor-element-cb09219 e-flex e-con-boxed e-con e-parent\" data-id=\"cb09219\" data-element_type=\"container\" data-e-type=\"container\" data-settings=\"{&quot;background_background&quot;:&quot;classic&quot;}\">\n\t\t\t\t\t<div class=\"e-con-inner\">\n\t\t\t\t<div class=\"elementor-element elementor-element-4121c35 elementor-widget elementor-widget-spacer\" data-id=\"4121c35\" data-element_type=\"widget\" data-e-type=\"widget\" data-widget_type=\"spacer.default\">\n\t\t\t\t\t\t\t<div class=\"elementor-spacer\">\n\t\t\t<div class=\"elementor-spacer-inner\"><\/div>\n\t\t<\/div>\n\t\t\t\t\t\t<\/div>\n\t\t\t\t<div class=\"elementor-element elementor-element-a08a491 elementor-widget elementor-widget-heading\" data-id=\"a08a491\" data-element_type=\"widget\" data-e-type=\"widget\" data-widget_type=\"heading.default\">\n\t\t\t\t\t<h1 class=\"elementor-heading-title elementor-size-default\">Contactez-moi<\/h1>\t\t\t\t<\/div>\n\t\t\t\t<div class=\"elementor-element elementor-element-165d285 elementor-widget elementor-widget-spacer\" data-id=\"165d285\" data-element_type=\"widget\" data-e-type=\"widget\" data-widget_type=\"spacer.default\">\n\t\t\t\t\t\t\t<div class=\"elementor-spacer\">\n\t\t\t<div class=\"elementor-spacer-inner\"><\/div>\n\t\t<\/div>\n\t\t\t\t\t\t<\/div>\n\t\t\t\t<div class=\"elementor-element elementor-element-3e15ff9 elementor-widget elementor-widget-spacer\" data-id=\"3e15ff9\" data-element_type=\"widget\" data-e-type=\"widget\" data-widget_type=\"spacer.default\">\n\t\t\t\t\t\t\t<div class=\"elementor-spacer\">\n\t\t\t<div class=\"elementor-spacer-inner\"><\/div>\n\t\t<\/div>\n\t\t\t\t\t\t<\/div>\n\t\t\t\t\t<\/div>\n\t\t\t\t<\/div>\n\t\t<div class=\"elementor-element elementor-element-e642b45 e-flex e-con-boxed e-con e-parent\" data-id=\"e642b45\" data-element_type=\"container\" data-e-type=\"container\">\n\t\t\t\t\t<div class=\"e-con-inner\">\n\t\t\t\t<div class=\"elementor-element elementor-element-37edd7a elementor-widget elementor-widget-spacer\" data-id=\"37edd7a\" data-element_type=\"widget\" data-e-type=\"widget\" data-widget_type=\"spacer.default\">\n\t\t\t\t\t\t\t<div class=\"elementor-spacer\">\n\t\t\t<div class=\"elementor-spacer-inner\"><\/div>\n\t\t<\/div>\n\t\t\t\t\t\t<\/div>\n\t\t\t\t<div class=\"elementor-element elementor-element-6805e94 elementor-widget elementor-widget-text-editor\" data-id=\"6805e94\" data-element_type=\"widget\" data-e-type=\"widget\" data-widget_type=\"text-editor.default\">\n\t\t\t\t\t\t\t\t\t<p><span style=\"text-decoration: underline;\"><strong>Afin d\u2019offrir une accessibilit\u00e9 optimale, j\u2019organise mes consultations selon vos disponibilit\u00e9s horaires et\/ou g\u00e9ographiques :<\/strong><\/span><\/p><p>\u00a0<\/p><p><strong>\u2666 En visio<\/strong> pour assurer un suivi d\u00e9mat\u00e9rialis\u00e9 sur mesure en fonction de votre situation et de vos imp\u00e9ratifs \u2013 <strong>consultation \u00e0 60\u20ac<\/strong><\/p><p>Les consultations en ligne se d\u00e9roulent via Google Meet. Le r\u00e8glement s\u2019effectue \u00e0 l\u2019avance lors de la prise de rendez-vous, via un paiement s\u00e9curis\u00e9, afin de vous garantir un cr\u00e9neau r\u00e9serv\u00e9 exclusivement. Toutes les informations n\u00e9cessaires \u00e0 la connexion vous sont ensuite transmises par e-mail, pour une exp\u00e9rience simple et sereine.<\/p>\t\t\t\t\t\t\t\t<\/div>\n\t\t\t\t<div class=\"elementor-element elementor-element-2ac4afa elementor-widget elementor-widget-html\" data-id=\"2ac4afa\" data-element_type=\"widget\" data-e-type=\"widget\" data-widget_type=\"html.default\">\n\t\t\t\t\t<link href=\"https:\/\/calendar.google.com\/calendar\/scheduling-button-script.css\" rel=\"stylesheet\">\n<script src=\"https:\/\/calendar.google.com\/calendar\/scheduling-button-script.js\" async><\/script>\n<script>\n(function() {\n  var target = document.currentScript;\n  window.addEventListener('load', function() {\n    calendar.schedulingButton.load({\n      url: 'https:\/\/calendar.google.com\/calendar\/appointments\/schedules\/AcZssZ1XtHHGJjISLZnT6nkQy8RJO_Gt-mR_TC8v5O94EYUOrpzFbaWvdE0VHJTdquzNBcM5pPwQhq_b?gv=true',\n      color: '#7ec242',\n      label: 'R\u00e9server un rendez-vous',\n      target,\n    });\n  });\n})();\n<\/script>\t\t\t\t<\/div>\n\t\t<div class=\"elementor-element elementor-element-880fbd6 e-con-full e-flex e-con e-child\" data-id=\"880fbd6\" data-element_type=\"container\" data-e-type=\"container\">\n\t\t<div class=\"elementor-element elementor-element-5b8d009 e-con-full e-flex e-con e-child\" data-id=\"5b8d009\" data-element_type=\"container\" data-e-type=\"container\">\n\t\t\t\t<div class=\"elementor-element elementor-element-c5b08c9 elementor-widget__width-initial elementor-widget elementor-widget-text-editor\" data-id=\"c5b08c9\" data-element_type=\"widget\" data-e-type=\"widget\" data-widget_type=\"text-editor.default\">\n\t\t\t\t\t\t\t\t\t<p><strong>\u2666 En cabinet<\/strong> au 17 boulevard Victor Hugo \u00e0 Poissy (78300) \u2013 <strong>consultation \u00e0 80\u20ac<\/strong>.<\/p><p>Prise de rendez-vous uniquement par t\u00e9l\u00e9phone au <strong>06.28.21.56.96.<\/strong><\/p>\t\t\t\t\t\t\t\t<\/div>\n\t\t\t\t<div class=\"elementor-element elementor-element-29bd3aa elementor-widget elementor-widget-button\" data-id=\"29bd3aa\" data-element_type=\"widget\" data-e-type=\"widget\" data-widget_type=\"button.default\">\n\t\t\t\t\t\t\t\t\t\t<a class=\"elementor-button elementor-button-link elementor-size-sm\" href=\"tel:%200628215696\">\n\t\t\t\t\t\t<span class=\"elementor-button-content-wrapper\">\n\t\t\t\t\t\t<span class=\"elementor-button-icon\">\n\t\t\t\t<svg aria-hidden=\"true\" class=\"e-font-icon-svg e-fas-phone-alt\" viewBox=\"0 0 512 512\" xmlns=\"http:\/\/www.w3.org\/2000\/svg\"><path d=\"M497.39 361.8l-112-48a24 24 0 0 0-28 6.9l-49.6 60.6A370.66 370.66 0 0 1 130.6 204.11l60.6-49.6a23.94 23.94 0 0 0 6.9-28l-48-112A24.16 24.16 0 0 0 122.6.61l-104 24A24 24 0 0 0 0 48c0 256.5 207.9 464 464 464a24 24 0 0 0 23.4-18.6l24-104a24.29 24.29 0 0 0-14.01-27.6z\"><\/path><\/svg>\t\t\t<\/span>\n\t\t\t\t\t\t\t\t\t<span class=\"elementor-button-text\">Appelez-moi<\/span>\n\t\t\t\t\t<\/span>\n\t\t\t\t\t<\/a>\n\t\t\t\t\t\t\t\t<\/div>\n\t\t\t\t<\/div>\n\t\t\t\t<div class=\"elementor-element elementor-element-1d457a5 elementor-widget__width-initial elementor-widget-mobile__width-inherit elementor-widget elementor-widget-html\" data-id=\"1d457a5\" data-element_type=\"widget\" data-e-type=\"widget\" data-widget_type=\"html.default\">\n\t\t\t\t\t<iframe src=\"https:\/\/www.google.com\/maps\/embed?pb=!1m18!1m12!1m3!1d3136.5644649979963!2d2.0435086!3d48.9306591!2m3!1f0!2f0!3f0!3m2!1i1024!2i768!4f13.1!3m3!1m2!1s0x47e689e148f960bb%3A0x9d1e723bd860ebdb!2sEvelyne%20Masclaux%20-%20D%C3%A9clic%20Nutrition!5e1!3m2!1sfr!2sfr!4v1775662322742!5m2!1sfr!2sfr\" width=\"600\" height=\"450\" style=\"border:0;\" allowfullscreen=\"\" loading=\"lazy\" referrerpolicy=\"no-referrer-when-downgrade\"><\/iframe>\t\t\t\t<\/div>\n\t\t\t\t<\/div>\n\t\t\t\t\t<\/div>\n\t\t\t\t<\/div>\n\t\t\t\t<\/div>\n\t\t","protected":false},"excerpt":{"rendered":"<p>Contactez-moi Afin d\u2019offrir une accessibilit\u00e9 optimale, j\u2019organise mes consultations selon vos disponibilit\u00e9s horaires et\/ou g\u00e9ographiques : \u00a0 \u2666 En visio pour assurer un suivi d\u00e9mat\u00e9rialis\u00e9 sur mesure en fonction de votre situation et de vos imp\u00e9ratifs \u2013 consultation \u00e0 60\u20ac Les consultations en ligne se d\u00e9roulent via Google Meet. Le r\u00e8glement s\u2019effectue \u00e0 l\u2019avance lors [&hellip;]<\/p>\n","protected":false},"author":1,"featured_media":0,"parent":0,"menu_order":0,"comment_status":"closed","ping_status":"closed","template":"elementor_header_footer","meta":{"_et_pb_use_builder":"","_et_pb_old_content":"","_et_gb_content_width":"","footnotes":""},"class_list":["post-277","page","type-page","status-publish","hentry"],"_links":{"self":[{"href":"https:\/\/www.declicnutrition.com\/accueil\/wp-json\/wp\/v2\/pages\/277","targetHints":{"allow":["GET"]}}],"collection":[{"href":"https:\/\/www.declicnutrition.com\/accueil\/wp-json\/wp\/v2\/pages"}],"about":[{"href":"https:\/\/www.declicnutrition.com\/accueil\/wp-json\/wp\/v2\/types\/page"}],"author":[{"embeddable":true,"href":"https:\/\/www.declicnutrition.com\/accueil\/wp-json\/wp\/v2\/users\/1"}],"replies":[{"embeddable":true,"href":"https:\/\/www.declicnutrition.com\/accueil\/wp-json\/wp\/v2\/comments?post=277"}],"version-history":[{"count":29,"href":"https:\/\/www.declicnutrition.com\/accueil\/wp-json\/wp\/v2\/pages\/277\/revisions"}],"predecessor-version":[{"id":330,"href":"https:\/\/www.declicnutrition.com\/accueil\/wp-json\/wp\/v2\/pages\/277\/revisions\/330"}],"wp:attachment":[{"href":"https:\/\/www.declicnutrition.com\/accueil\/wp-json\/wp\/v2\/media?parent=277"}],"curies":[{"name":"wp","href":"https:\/\/api.w.org\/{rel}","templated":true}]}}